{"id":75,"date":"2019-07-03T13:22:30","date_gmt":"2019-07-03T13:22:30","guid":{"rendered":"https:\/\/addyi.ca\/?page_id=75"},"modified":"2025-12-09T17:11:02","modified_gmt":"2025-12-09T17:11:02","slug":"hcp-fr","status":"publish","type":"page","link":"https:\/\/addyi.ca\/fr\/hcp-fr\/","title":{"rendered":"HCP Fran\u00e7ais"},"content":{"rendered":"<div class=\"wpb-content-wrapper\"><p>[vc_row][vc_column width=\u00a0\u00bb1\/3&Prime;][vc_column_text css=\u00a0\u00bb.vc_custom_1562162295104{margin-top: -10px !important;}\u00a0\u00bb]<img loading=\"lazy\" decoding=\"async\" class=\"alignnone wp-image-9 \" src=\"https:\/\/addyi.ca\/wp-content\/uploads\/2019\/07\/frenchlogo.png\" alt=\"\" width=\"143\" height=\"76\" \/>[\/vc_column_text][\/vc_column][vc_column width=\u00a0\u00bb1\/3&Prime;][\/vc_column][vc_column width=\u00a0\u00bb1\/3&Prime;][\/vc_column][\/vc_row][vc_row][vc_column][vc_column_text]<\/p>\n<h3 style=\"text-align: center;\"><span style=\"color: #f9008b;\">\u00c0 l\u2019intention des professionnels de la sant\u00e9<\/span><\/h3>\n<p>[\/vc_column_text][\/vc_column][\/vc_row][vc_row bg_type=\u00a0\u00bbimage\u00a0\u00bb parallax_style=\u00a0\u00bbvcpb-default\u00a0\u00bb bg_image_new=\u00a0\u00bbid^59|url^https:\/\/addyi.ca\/wp-content\/uploads\/2019\/07\/bb5.png|caption^null|alt^null|title^bb5|description^null\u00a0\u00bb bg_image_repeat=\u00a0\u00bbno-repeat\u00a0\u00bb css=\u00a0\u00bb.vc_custom_1562224114059{margin-top: -20px !important;}\u00a0\u00bb][vc_column width=\u00a0\u00bb1\/3&Prime;][\/vc_column][vc_column width=\u00a0\u00bb1\/3&Prime;][vc_column_text]<!-- Google Tag Manager --><script>(function(w,d,s,l,i){w[l]=w[l]||[];w[l].push({'gtm.start':\n    new Date().getTime(),event:'gtm.js'});var f=d.getElementsByTagName(s)[0],\n    j=d.createElement(s),dl=l!='dataLayer'?'&l='+l:'';j.async=true;j.src=\n    'https:\/\/www.googletagmanager.com\/gtm.js?id='+i+dl;f.parentNode.insertBefore(j,f);\n    })(window,document,'script','dataLayer','GTM-TFQ9RB5');<\/script><\/p>\n<header id=\"header\" class=\"header\"><\/header>\n<div id=\"hcp-form\" class=\"hcp-form\" style=\"text-align: center;\">\n<div class=\"wrapper\">\n<form id=\"hcp-form__form\" class=\"hcp-form__form\" action=\"\" method=\"post\"><span style=\"color: #808080;\"><strong><label class=\"description\" for=\"type\">Type de professionnel de la sant\u00e9 :<\/label><\/strong><\/span><\/p>\n<div><select id=\"type\" class=\"element select medium\" name=\"type\"><option selected=\"selected\" value=\"\"><\/option><option value=\"1\">Infirmier\/infirmi\u00e8re<\/option><option value=\"2\">M\u00e9decin<\/option><option value=\"3\">Pharmacien\/pharmacienne<\/option><\/select><\/div>\n<p>&nbsp;<\/p>\n<p><span style=\"color: #808080;\"><strong><label class=\"description\" for=\"territory\">Province \/ Territory:<\/label><\/strong><\/span><\/p>\n<div><select id=\"territory\" class=\"element select medium\" name=\"territory\"><option selected=\"selected\" value=\"\"><\/option><option value=\"1\">Alberta<\/option><option value=\"2\">Colombie-Britannique<\/option><option value=\"3\">Manitoba<\/option><option value=\"4\">Nouveau-Brunswick<\/option><option value=\"5\">Terre-Neuve-et-Labrador<\/option><option value=\"6\">Territoires du Nord-Ouest<\/option><option value=\"7\">Nouvelle-\u00c9cosse<\/option><option value=\"8\">Nunavut<\/option><option value=\"9\">Ontario<\/option><option value=\"10\">Qu\u00e9bec<\/option><option value=\"11\">\u00cele-du-Prince-\u00c9douard<\/option><option value=\"12\">Saskatchewan<\/option><option value=\"13\">Yukon<\/option><\/select><\/div>\n<p>&nbsp;<\/p>\n<p><span style=\"color: #808080;\"><strong><label class=\"description\" for=\"license\">Num\u00e9ro de la licence professionnelle :<\/label><\/strong><\/span><\/p>\n<div><input id=\"license\" class=\"element text medium\" maxlength=\"255\" name=\"license\" type=\"text\" value=\"\" \/><\/div>\n<p>&nbsp;<\/p>\n<p><input id=\"saveForm\" class=\"button_text\" name=\"submit\" type=\"submit\" value=\"Soumettre\" \/><\/p>\n<\/form>\n<\/div>\n<\/div>\n<div id=\"main-content\" class=\"main-content\" style=\"text-align: center;\"><\/div>\n<p><script src=\"https:\/\/addyi.ca\/frscript\/modaal.min.js\"><\/script><br \/>\n<script src=\"https:\/\/addyi.ca\/frscript\/global.min.js\"><\/script><br \/>\n<script src=\"https:\/\/addyi.ca\/frscript\/hcp.min.js\"><\/script>[\/vc_column_text][\/vc_column][vc_column width=\u00a0\u00bb1\/3&Prime;][\/vc_column][\/vc_row][vc_row][vc_column width=\u00a0\u00bb5\/6&Prime;][vc_empty_space][vc_column_text]Vous pouvez joindre nos services m\u00e9dicaux au 1-833-881-5408 ou par courriel \u00e0\u00a0<a href=\"mailto:info-sproutpharma@innomar-strategies.com\">info-sproutpharma@innomar-strategies.com<\/a><br \/>\nAddyi est une marque d\u00e9pos\u00e9e appartenant \u00e0 Sprout Pharmaceuticals, Inc. ou \u00e0 ses soci\u00e9t\u00e9s affili\u00e9es.<br \/>\n\u00a9 2018, Sprout Pharmaceuticals, Inc. PR-203.00.CAN<br \/>\n<a href=\"https:\/\/addyi.ca\/wp-content\/uploads\/2019\/07\/PrivacyPolicy_FR.pdf\">Politique de confidentialit\u00e9<\/a>\u00a0|\u00a0<a href=\"https:\/\/addyi.ca\/wp-content\/uploads\/2019\/07\/TermsandConditions_FR.pdf\">Conditions d\u2019utilisation<\/a>[\/vc_column_text][\/vc_column][vc_column width=\u00a0\u00bb1\/6&Prime;][vc_column_text]<img loading=\"lazy\" decoding=\"async\" class=\"wp-image-90 aligncenter\" src=\"https:\/\/addyi.ca\/wp-content\/uploads\/2019\/07\/l_sprout-canada.png\" alt=\"\" width=\"124\" height=\"68\" \/>[\/vc_column_text][\/vc_column][\/vc_row]<\/p>\n<\/div>","protected":false},"excerpt":{"rendered":"<p>[vc_row][vc_column width=\u00a0\u00bb1\/3&Prime;][vc_column_text css=\u00a0\u00bb.vc_custom_1562162295104{margin-top: -10px !important;}\u00a0\u00bb][\/vc_column_text][\/vc_column][vc_column width=\u00a0\u00bb1\/3&Prime;][\/vc_column][vc_column width=\u00a0\u00bb1\/3&Prime;][\/vc_column][\/vc_row][vc_row][vc_column][vc_column_text] \u00c0 l\u2019intention des professionnels de la sant\u00e9 [\/vc_column_text][\/vc_column][\/vc_row][vc_row bg_type=\u00a0\u00bbimage\u00a0\u00bb parallax_style=\u00a0\u00bbvcpb-default\u00a0\u00bb bg_image_new=\u00a0\u00bbid^59|url^https:\/\/addyi.ca\/wp-content\/uploads\/2019\/07\/bb5.png|caption^null|alt^null|title^bb5|description^null\u00a0\u00bb bg_image_repeat=\u00a0\u00bbno-repeat\u00a0\u00bb css=\u00a0\u00bb.vc_custom_1562224114059{margin-top: -20px !important;}\u00a0\u00bb][vc_column width=\u00a0\u00bb1\/3&Prime;][\/vc_column][vc_column width=\u00a0\u00bb1\/3&Prime;][vc_column_text] Type de professionnel de la sant\u00e9 : Infirmier\/infirmi\u00e8reM\u00e9decinPharmacien\/pharmacienne &nbsp; Province \/ Territory: AlbertaColombie-BritanniqueManitobaNouveau-BrunswickTerre-Neuve-et-LabradorTerritoires du Nord-OuestNouvelle-\u00c9cosseNunavutOntarioQu\u00e9bec\u00cele-du-Prince-\u00c9douardSaskatchewanYukon &nbsp; Num\u00e9ro de la licence professionnelle : &nbsp; [\/vc_column_text][\/vc_column][vc_column width=\u00a0\u00bb1\/3&Prime;][\/vc_column][\/vc_row][vc_row][vc_column width=\u00a0\u00bb5\/6&Prime;][vc_empty_space][vc_column_text]Vous pouvez joindre nos services m\u00e9dicaux&hellip;<\/p>\n","protected":false},"author":1,"featured_media":0,"parent":0,"menu_order":0,"comment_status":"closed","ping_status":"closed","template":"","meta":{"footnotes":""},"class_list":["post-75","page","type-page","status-publish","hentry","description-off"],"yoast_head":"<!-- This site is optimized with the Yoast SEO plugin v27.2 - https:\/\/yoast.com\/product\/yoast-seo-wordpress\/ -->\n<title>HCP Fran\u00e7ais &#8211; Addyi\u00ae (flibanserin)<\/title>\n<meta name=\"robots\" content=\"noindex, follow\" \/>\n<meta property=\"og:locale\" content=\"fr_FR\" \/>\n<meta property=\"og:type\" content=\"article\" \/>\n<meta property=\"og:title\" content=\"HCP Fran\u00e7ais &#8211; Addyi\u00ae (flibanserin)\" \/>\n<meta property=\"og:description\" content=\"[vc_row][vc_column width=\u00a0\u00bb1\/3&Prime;][vc_column_text css=\u00a0\u00bb.vc_custom_1562162295104{margin-top: -10px !important;}\u00a0\u00bb][\/vc_column_text][\/vc_column][vc_column width=\u00a0\u00bb1\/3&Prime;][\/vc_column][vc_column width=\u00a0\u00bb1\/3&Prime;][\/vc_column][\/vc_row][vc_row][vc_column][vc_column_text] \u00c0 l\u2019intention des professionnels de la sant\u00e9 [\/vc_column_text][\/vc_column][\/vc_row][vc_row bg_type=\u00a0\u00bbimage\u00a0\u00bb parallax_style=\u00a0\u00bbvcpb-default\u00a0\u00bb bg_image_new=\u00a0\u00bbid^59|url^https:\/\/addyi.ca\/wp-content\/uploads\/2019\/07\/bb5.png|caption^null|alt^null|title^bb5|description^null\u00a0\u00bb bg_image_repeat=\u00a0\u00bbno-repeat\u00a0\u00bb css=\u00a0\u00bb.vc_custom_1562224114059{margin-top: -20px !important;}\u00a0\u00bb][vc_column width=\u00a0\u00bb1\/3&Prime;][\/vc_column][vc_column width=\u00a0\u00bb1\/3&Prime;][vc_column_text] Type de professionnel de la sant\u00e9 : Infirmier\/infirmi\u00e8reM\u00e9decinPharmacien\/pharmacienne &nbsp; Province \/ Territory: AlbertaColombie-BritanniqueManitobaNouveau-BrunswickTerre-Neuve-et-LabradorTerritoires du Nord-OuestNouvelle-\u00c9cosseNunavutOntarioQu\u00e9bec\u00cele-du-Prince-\u00c9douardSaskatchewanYukon &nbsp; Num\u00e9ro de la licence professionnelle : &nbsp; [\/vc_column_text][\/vc_column][vc_column width=\u00a0\u00bb1\/3&Prime;][\/vc_column][\/vc_row][vc_row][vc_column width=\u00a0\u00bb5\/6&Prime;][vc_empty_space][vc_column_text]Vous pouvez joindre nos services m\u00e9dicaux&hellip;\" \/>\n<meta property=\"og:url\" content=\"https:\/\/addyi.ca\/fr\/hcp-fr\/\" \/>\n<meta property=\"og:site_name\" content=\"Addyi\u00ae (flibanserin)\" \/>\n<meta property=\"article:modified_time\" content=\"2025-12-09T17:11:02+00:00\" \/>\n<meta property=\"og:image\" content=\"https:\/\/addyi.ca\/wp-content\/uploads\/2019\/07\/engpngver.png\" \/>\n\t<meta property=\"og:image:width\" content=\"763\" \/>\n\t<meta property=\"og:image:height\" content=\"407\" \/>\n\t<meta property=\"og:image:type\" content=\"image\/png\" \/>\n<meta name=\"twitter:card\" content=\"summary_large_image\" \/>\n<meta name=\"twitter:label1\" content=\"Dur\u00e9e de lecture estim\u00e9e\" \/>\n\t<meta name=\"twitter:data1\" content=\"1 minute\" \/>\n<script type=\"application\/ld+json\" class=\"yoast-schema-graph\">{\"@context\":\"https:\/\/schema.org\",\"@graph\":[{\"@type\":\"WebPage\",\"@id\":\"https:\/\/addyi.ca\/fr\/hcp-fr\/\",\"url\":\"https:\/\/addyi.ca\/fr\/hcp-fr\/\",\"name\":\"HCP Fran\u00e7ais &#8211; Addyi\u00ae (flibanserin)\",\"isPartOf\":{\"@id\":\"https:\/\/addyi.ca\/#website\"},\"primaryImageOfPage\":{\"@id\":\"https:\/\/addyi.ca\/fr\/hcp-fr\/#primaryimage\"},\"image\":{\"@id\":\"https:\/\/addyi.ca\/fr\/hcp-fr\/#primaryimage\"},\"thumbnailUrl\":\"https:\/\/addyi.ca\/wp-content\/uploads\/2019\/07\/frenchlogo.png\",\"datePublished\":\"2019-07-03T13:22:30+00:00\",\"dateModified\":\"2025-12-09T17:11:02+00:00\",\"breadcrumb\":{\"@id\":\"https:\/\/addyi.ca\/fr\/hcp-fr\/#breadcrumb\"},\"inLanguage\":\"fr-FR\",\"potentialAction\":[{\"@type\":\"ReadAction\",\"target\":[\"https:\/\/addyi.ca\/fr\/hcp-fr\/\"]}]},{\"@type\":\"ImageObject\",\"inLanguage\":\"fr-FR\",\"@id\":\"https:\/\/addyi.ca\/fr\/hcp-fr\/#primaryimage\",\"url\":\"https:\/\/addyi.ca\/wp-content\/uploads\/2019\/07\/frenchlogo.png\",\"contentUrl\":\"https:\/\/addyi.ca\/wp-content\/uploads\/2019\/07\/frenchlogo.png\"},{\"@type\":\"BreadcrumbList\",\"@id\":\"https:\/\/addyi.ca\/fr\/hcp-fr\/#breadcrumb\",\"itemListElement\":[{\"@type\":\"ListItem\",\"position\":1,\"name\":\"Home\",\"item\":\"https:\/\/addyi.ca\/fr\/\"},{\"@type\":\"ListItem\",\"position\":2,\"name\":\"HCP Fran\u00e7ais\"}]},{\"@type\":\"WebSite\",\"@id\":\"https:\/\/addyi.ca\/#website\",\"url\":\"https:\/\/addyi.ca\/\",\"name\":\"Addyi\u00ae (flibanserin)\",\"description\":\"Official Canadian Website\",\"publisher\":{\"@id\":\"https:\/\/addyi.ca\/#\/schema\/person\/154ba721b84ab96464e45e95e308ca7f\"},\"potentialAction\":[{\"@type\":\"SearchAction\",\"target\":{\"@type\":\"EntryPoint\",\"urlTemplate\":\"https:\/\/addyi.ca\/?s={search_term_string}\"},\"query-input\":{\"@type\":\"PropertyValueSpecification\",\"valueRequired\":true,\"valueName\":\"search_term_string\"}}],\"inLanguage\":\"fr-FR\"},{\"@type\":[\"Person\",\"Organization\"],\"@id\":\"https:\/\/addyi.ca\/#\/schema\/person\/154ba721b84ab96464e45e95e308ca7f\",\"name\":\"addyica\",\"image\":{\"@type\":\"ImageObject\",\"inLanguage\":\"fr-FR\",\"@id\":\"https:\/\/secure.gravatar.com\/avatar\/2779ccd7f270c9ceb707ebc3c05bf6ebd4ba1f9a177e0dd48097083648aa2746?s=96&d=mm&r=g\",\"url\":\"https:\/\/secure.gravatar.com\/avatar\/2779ccd7f270c9ceb707ebc3c05bf6ebd4ba1f9a177e0dd48097083648aa2746?s=96&d=mm&r=g\",\"contentUrl\":\"https:\/\/secure.gravatar.com\/avatar\/2779ccd7f270c9ceb707ebc3c05bf6ebd4ba1f9a177e0dd48097083648aa2746?s=96&d=mm&r=g\",\"caption\":\"addyica\"},\"logo\":{\"@id\":\"https:\/\/secure.gravatar.com\/avatar\/2779ccd7f270c9ceb707ebc3c05bf6ebd4ba1f9a177e0dd48097083648aa2746?s=96&d=mm&r=g\"}}]}<\/script>\n<!-- \/ Yoast SEO plugin. -->","yoast_head_json":{"title":"HCP Fran\u00e7ais &#8211; Addyi\u00ae (flibanserin)","robots":{"index":"noindex","follow":"follow"},"og_locale":"fr_FR","og_type":"article","og_title":"HCP Fran\u00e7ais &#8211; Addyi\u00ae (flibanserin)","og_description":"[vc_row][vc_column width=\u00a0\u00bb1\/3&Prime;][vc_column_text css=\u00a0\u00bb.vc_custom_1562162295104{margin-top: -10px !important;}\u00a0\u00bb][\/vc_column_text][\/vc_column][vc_column width=\u00a0\u00bb1\/3&Prime;][\/vc_column][vc_column width=\u00a0\u00bb1\/3&Prime;][\/vc_column][\/vc_row][vc_row][vc_column][vc_column_text] \u00c0 l\u2019intention des professionnels de la sant\u00e9 [\/vc_column_text][\/vc_column][\/vc_row][vc_row bg_type=\u00a0\u00bbimage\u00a0\u00bb parallax_style=\u00a0\u00bbvcpb-default\u00a0\u00bb bg_image_new=\u00a0\u00bbid^59|url^https:\/\/addyi.ca\/wp-content\/uploads\/2019\/07\/bb5.png|caption^null|alt^null|title^bb5|description^null\u00a0\u00bb bg_image_repeat=\u00a0\u00bbno-repeat\u00a0\u00bb css=\u00a0\u00bb.vc_custom_1562224114059{margin-top: -20px !important;}\u00a0\u00bb][vc_column width=\u00a0\u00bb1\/3&Prime;][\/vc_column][vc_column width=\u00a0\u00bb1\/3&Prime;][vc_column_text] Type de professionnel de la sant\u00e9 : Infirmier\/infirmi\u00e8reM\u00e9decinPharmacien\/pharmacienne &nbsp; Province \/ Territory: AlbertaColombie-BritanniqueManitobaNouveau-BrunswickTerre-Neuve-et-LabradorTerritoires du Nord-OuestNouvelle-\u00c9cosseNunavutOntarioQu\u00e9bec\u00cele-du-Prince-\u00c9douardSaskatchewanYukon &nbsp; Num\u00e9ro de la licence professionnelle : &nbsp; [\/vc_column_text][\/vc_column][vc_column width=\u00a0\u00bb1\/3&Prime;][\/vc_column][\/vc_row][vc_row][vc_column width=\u00a0\u00bb5\/6&Prime;][vc_empty_space][vc_column_text]Vous pouvez joindre nos services m\u00e9dicaux&hellip;","og_url":"https:\/\/addyi.ca\/fr\/hcp-fr\/","og_site_name":"Addyi\u00ae (flibanserin)","article_modified_time":"2025-12-09T17:11:02+00:00","og_image":[{"width":763,"height":407,"url":"https:\/\/addyi.ca\/wp-content\/uploads\/2019\/07\/engpngver.png","type":"image\/png"}],"twitter_card":"summary_large_image","twitter_misc":{"Dur\u00e9e de lecture estim\u00e9e":"1 minute"},"schema":{"@context":"https:\/\/schema.org","@graph":[{"@type":"WebPage","@id":"https:\/\/addyi.ca\/fr\/hcp-fr\/","url":"https:\/\/addyi.ca\/fr\/hcp-fr\/","name":"HCP Fran\u00e7ais &#8211; Addyi\u00ae (flibanserin)","isPartOf":{"@id":"https:\/\/addyi.ca\/#website"},"primaryImageOfPage":{"@id":"https:\/\/addyi.ca\/fr\/hcp-fr\/#primaryimage"},"image":{"@id":"https:\/\/addyi.ca\/fr\/hcp-fr\/#primaryimage"},"thumbnailUrl":"https:\/\/addyi.ca\/wp-content\/uploads\/2019\/07\/frenchlogo.png","datePublished":"2019-07-03T13:22:30+00:00","dateModified":"2025-12-09T17:11:02+00:00","breadcrumb":{"@id":"https:\/\/addyi.ca\/fr\/hcp-fr\/#breadcrumb"},"inLanguage":"fr-FR","potentialAction":[{"@type":"ReadAction","target":["https:\/\/addyi.ca\/fr\/hcp-fr\/"]}]},{"@type":"ImageObject","inLanguage":"fr-FR","@id":"https:\/\/addyi.ca\/fr\/hcp-fr\/#primaryimage","url":"https:\/\/addyi.ca\/wp-content\/uploads\/2019\/07\/frenchlogo.png","contentUrl":"https:\/\/addyi.ca\/wp-content\/uploads\/2019\/07\/frenchlogo.png"},{"@type":"BreadcrumbList","@id":"https:\/\/addyi.ca\/fr\/hcp-fr\/#breadcrumb","itemListElement":[{"@type":"ListItem","position":1,"name":"Home","item":"https:\/\/addyi.ca\/fr\/"},{"@type":"ListItem","position":2,"name":"HCP Fran\u00e7ais"}]},{"@type":"WebSite","@id":"https:\/\/addyi.ca\/#website","url":"https:\/\/addyi.ca\/","name":"Addyi\u00ae (flibanserin)","description":"Official Canadian Website","publisher":{"@id":"https:\/\/addyi.ca\/#\/schema\/person\/154ba721b84ab96464e45e95e308ca7f"},"potentialAction":[{"@type":"SearchAction","target":{"@type":"EntryPoint","urlTemplate":"https:\/\/addyi.ca\/?s={search_term_string}"},"query-input":{"@type":"PropertyValueSpecification","valueRequired":true,"valueName":"search_term_string"}}],"inLanguage":"fr-FR"},{"@type":["Person","Organization"],"@id":"https:\/\/addyi.ca\/#\/schema\/person\/154ba721b84ab96464e45e95e308ca7f","name":"addyica","image":{"@type":"ImageObject","inLanguage":"fr-FR","@id":"https:\/\/secure.gravatar.com\/avatar\/2779ccd7f270c9ceb707ebc3c05bf6ebd4ba1f9a177e0dd48097083648aa2746?s=96&d=mm&r=g","url":"https:\/\/secure.gravatar.com\/avatar\/2779ccd7f270c9ceb707ebc3c05bf6ebd4ba1f9a177e0dd48097083648aa2746?s=96&d=mm&r=g","contentUrl":"https:\/\/secure.gravatar.com\/avatar\/2779ccd7f270c9ceb707ebc3c05bf6ebd4ba1f9a177e0dd48097083648aa2746?s=96&d=mm&r=g","caption":"addyica"},"logo":{"@id":"https:\/\/secure.gravatar.com\/avatar\/2779ccd7f270c9ceb707ebc3c05bf6ebd4ba1f9a177e0dd48097083648aa2746?s=96&d=mm&r=g"}}]}},"_links":{"self":[{"href":"https:\/\/addyi.ca\/fr\/wp-json\/wp\/v2\/pages\/75","targetHints":{"allow":["GET"]}}],"collection":[{"href":"https:\/\/addyi.ca\/fr\/wp-json\/wp\/v2\/pages"}],"about":[{"href":"https:\/\/addyi.ca\/fr\/wp-json\/wp\/v2\/types\/page"}],"author":[{"embeddable":true,"href":"https:\/\/addyi.ca\/fr\/wp-json\/wp\/v2\/users\/1"}],"replies":[{"embeddable":true,"href":"https:\/\/addyi.ca\/fr\/wp-json\/wp\/v2\/comments?post=75"}],"version-history":[{"count":7,"href":"https:\/\/addyi.ca\/fr\/wp-json\/wp\/v2\/pages\/75\/revisions"}],"predecessor-version":[{"id":125,"href":"https:\/\/addyi.ca\/fr\/wp-json\/wp\/v2\/pages\/75\/revisions\/125"}],"wp:attachment":[{"href":"https:\/\/addyi.ca\/fr\/wp-json\/wp\/v2\/media?parent=75"}],"curies":[{"name":"wp","href":"https:\/\/api.w.org\/{rel}","templated":true}]}}