{"id":92,"date":"2019-07-03T13:46:11","date_gmt":"2019-07-03T13:46:11","guid":{"rendered":"https:\/\/addyi.ca\/?page_id=92"},"modified":"2021-04-14T07:43:52","modified_gmt":"2021-04-14T07:43:52","slug":"patients-fr","status":"publish","type":"page","link":"https:\/\/addyi.ca\/fr\/patients-fr\/","title":{"rendered":"Patients FR"},"content":{"rendered":"<div class=\"wpb-content-wrapper\"><p>[vc_row][vc_column width=\u00a0\u00bb1\/3&Prime;][vc_column_text css=\u00a0\u00bb.vc_custom_1562160571050{margin-top: -10px !important;}\u00a0\u00bb]<img loading=\"lazy\" decoding=\"async\" class=\"alignnone wp-image-9 \" src=\"https:\/\/addyi.ca\/wp-content\/uploads\/2019\/07\/frenchlogo.png\" alt=\"\" width=\"143\" height=\"76\" \/>[\/vc_column_text][\/vc_column][vc_column width=\u00a0\u00bb1\/3&Prime;][\/vc_column][vc_column width=\u00a0\u00bb1\/3&Prime;][\/vc_column][\/vc_row][vc_row][vc_column][vc_column_text css=\u00a0\u00bb.vc_custom_1562160480632{margin-top: -40px !important;}\u00a0\u00bb]<img loading=\"lazy\" decoding=\"async\" class=\"aligncenter wp-image-12 \" src=\"https:\/\/addyi.ca\/wp-content\/uploads\/2019\/07\/frkit.png\" alt=\"\" width=\"812\" height=\"419\" \/>[\/vc_column_text][\/vc_column][\/vc_row][vc_row][vc_column][vc_column_text css=\u00a0\u00bb.vc_custom_1562223779139{margin-top: -20px !important;}\u00a0\u00bb]<\/p>\n<h4 style=\"text-align: center;\"><a href=\"https:\/\/addyi.ca\/wp-content\/uploads\/2019\/07\/AddyiPMEnglish.pdf\" target=\"_blank\" rel=\"noopener noreferrer\">MONOGRAPHIE D\u2019ADDYI \u2013 ANGLAIS<\/a>\u00a0|\u00a0<a href=\"https:\/\/addyi.ca\/wp-content\/uploads\/2019\/07\/AddyiPMFrench.pdf\" target=\"_blank\" rel=\"noopener noreferrer\">MONOGRAPHIE D\u2019ADDYI \u2013 FRAN\u00c7AIS<\/a><\/h4>\n<p>[\/vc_column_text][\/vc_column][\/vc_row][vc_row][vc_column width=\u00a0\u00bb5\/6&Prime;][vc_empty_space][vc_column_text]Vous pouvez joindre nos services m\u00e9dicaux au 1-833-881-5408 ou par courriel \u00e0\u00a0<a href=\"mailto:info-sproutpharma@innomar-strategies.com\">info-sproutpharma@innomar-strategies.com<\/a><br \/>\nAddyi est une marque d\u00e9pos\u00e9e appartenant \u00e0 Sprout Pharmaceuticals, Inc. ou \u00e0 ses soci\u00e9t\u00e9s affili\u00e9es.<br \/>\n\u00a9 2018, Sprout Pharmaceuticals, Inc. PR-203.00.CAN<br \/>\n<a href=\"https:\/\/addyi.ca\/wp-content\/uploads\/2019\/07\/PrivacyPolicy_FR.pdf\">Politique de confidentialit\u00e9<\/a>\u00a0|\u00a0<a href=\"https:\/\/addyi.ca\/wp-content\/uploads\/2019\/07\/TermsandConditions_FR.pdf\">Conditions d\u2019utilisation<\/a>[\/vc_column_text][\/vc_column][vc_column width=\u00a0\u00bb1\/6&Prime;][vc_column_text]<img loading=\"lazy\" decoding=\"async\" class=\"wp-image-90 aligncenter\" src=\"https:\/\/addyi.ca\/wp-content\/uploads\/2019\/07\/l_sprout-canada.png\" alt=\"\" width=\"124\" height=\"68\" \/>[\/vc_column_text][\/vc_column][\/vc_row]<\/p>\n<\/div>","protected":false},"excerpt":{"rendered":"<p>[vc_row][vc_column width=\u00a0\u00bb1\/3&Prime;][vc_column_text css=\u00a0\u00bb.vc_custom_1562160571050{margin-top: -10px !important;}\u00a0\u00bb][\/vc_column_text][\/vc_column][vc_column width=\u00a0\u00bb1\/3&Prime;][\/vc_column][vc_column width=\u00a0\u00bb1\/3&Prime;][\/vc_column][\/vc_row][vc_row][vc_column][vc_column_text css=\u00a0\u00bb.vc_custom_1562160480632{margin-top: -40px !important;}\u00a0\u00bb][\/vc_column_text][\/vc_column][\/vc_row][vc_row][vc_column][vc_column_text css=\u00a0\u00bb.vc_custom_1562223779139{margin-top: -20px !important;}\u00a0\u00bb] MONOGRAPHIE D\u2019ADDYI \u2013 ANGLAIS\u00a0|\u00a0MONOGRAPHIE D\u2019ADDYI \u2013 FRAN\u00c7AIS [\/vc_column_text][\/vc_column][\/vc_row][vc_row][vc_column width=\u00a0\u00bb5\/6&Prime;][vc_empty_space][vc_column_text]Vous pouvez joindre nos services m\u00e9dicaux au 1-833-881-5408 ou par courriel \u00e0\u00a0info-sproutpharma@innomar-strategies.com Addyi est une marque d\u00e9pos\u00e9e appartenant \u00e0 Sprout Pharmaceuticals, Inc. ou \u00e0 ses soci\u00e9t\u00e9s affili\u00e9es. \u00a9 2018, Sprout Pharmaceuticals, Inc. PR-203.00.CAN Politique&hellip;<\/p>\n","protected":false},"author":1,"featured_media":0,"parent":0,"menu_order":0,"comment_status":"closed","ping_status":"closed","template":"","meta":{"footnotes":""},"class_list":["post-92","page","type-page","status-publish","hentry","description-off"],"yoast_head":"<!-- This site is optimized with the Yoast SEO plugin v27.2 - https:\/\/yoast.com\/product\/yoast-seo-wordpress\/ -->\n<title>Patients FR &#8211; Addyi\u00ae (flibanserin)<\/title>\n<meta name=\"robots\" content=\"noindex, follow\" \/>\n<meta property=\"og:locale\" content=\"fr_FR\" \/>\n<meta property=\"og:type\" content=\"article\" \/>\n<meta property=\"og:title\" content=\"Patients FR &#8211; Addyi\u00ae (flibanserin)\" \/>\n<meta property=\"og:description\" content=\"[vc_row][vc_column width=\u00a0\u00bb1\/3&Prime;][vc_column_text css=\u00a0\u00bb.vc_custom_1562160571050{margin-top: -10px !important;}\u00a0\u00bb][\/vc_column_text][\/vc_column][vc_column width=\u00a0\u00bb1\/3&Prime;][\/vc_column][vc_column width=\u00a0\u00bb1\/3&Prime;][\/vc_column][\/vc_row][vc_row][vc_column][vc_column_text css=\u00a0\u00bb.vc_custom_1562160480632{margin-top: -40px !important;}\u00a0\u00bb][\/vc_column_text][\/vc_column][\/vc_row][vc_row][vc_column][vc_column_text css=\u00a0\u00bb.vc_custom_1562223779139{margin-top: -20px !important;}\u00a0\u00bb] MONOGRAPHIE D\u2019ADDYI \u2013 ANGLAIS\u00a0|\u00a0MONOGRAPHIE D\u2019ADDYI \u2013 FRAN\u00c7AIS [\/vc_column_text][\/vc_column][\/vc_row][vc_row][vc_column width=\u00a0\u00bb5\/6&Prime;][vc_empty_space][vc_column_text]Vous pouvez joindre nos services m\u00e9dicaux au 1-833-881-5408 ou par courriel \u00e0\u00a0info-sproutpharma@innomar-strategies.com Addyi est une marque d\u00e9pos\u00e9e appartenant \u00e0 Sprout Pharmaceuticals, Inc. ou \u00e0 ses soci\u00e9t\u00e9s affili\u00e9es. \u00a9 2018, Sprout Pharmaceuticals, Inc. PR-203.00.CAN Politique&hellip;\" \/>\n<meta property=\"og:url\" content=\"https:\/\/addyi.ca\/fr\/patients-fr\/\" \/>\n<meta property=\"og:site_name\" content=\"Addyi\u00ae (flibanserin)\" \/>\n<meta property=\"article:modified_time\" content=\"2021-04-14T07:43:52+00:00\" \/>\n<meta property=\"og:image\" content=\"https:\/\/addyi.ca\/wp-content\/uploads\/2019\/07\/frenchlogo.png\" \/>\n<meta name=\"twitter:card\" content=\"summary_large_image\" \/>\n<meta name=\"twitter:label1\" content=\"Dur\u00e9e de lecture estim\u00e9e\" \/>\n\t<meta name=\"twitter:data1\" content=\"1 minute\" \/>\n<script type=\"application\/ld+json\" class=\"yoast-schema-graph\">{\"@context\":\"https:\/\/schema.org\",\"@graph\":[{\"@type\":\"WebPage\",\"@id\":\"https:\/\/addyi.ca\/fr\/patients-fr\/\",\"url\":\"https:\/\/addyi.ca\/fr\/patients-fr\/\",\"name\":\"Patients FR &#8211; Addyi\u00ae (flibanserin)\",\"isPartOf\":{\"@id\":\"https:\/\/addyi.ca\/#website\"},\"primaryImageOfPage\":{\"@id\":\"https:\/\/addyi.ca\/fr\/patients-fr\/#primaryimage\"},\"image\":{\"@id\":\"https:\/\/addyi.ca\/fr\/patients-fr\/#primaryimage\"},\"thumbnailUrl\":\"https:\/\/addyi.ca\/wp-content\/uploads\/2019\/07\/frenchlogo.png\",\"datePublished\":\"2019-07-03T13:46:11+00:00\",\"dateModified\":\"2021-04-14T07:43:52+00:00\",\"breadcrumb\":{\"@id\":\"https:\/\/addyi.ca\/fr\/patients-fr\/#breadcrumb\"},\"inLanguage\":\"fr-FR\",\"potentialAction\":[{\"@type\":\"ReadAction\",\"target\":[\"https:\/\/addyi.ca\/fr\/patients-fr\/\"]}]},{\"@type\":\"ImageObject\",\"inLanguage\":\"fr-FR\",\"@id\":\"https:\/\/addyi.ca\/fr\/patients-fr\/#primaryimage\",\"url\":\"https:\/\/addyi.ca\/wp-content\/uploads\/2019\/07\/frenchlogo.png\",\"contentUrl\":\"https:\/\/addyi.ca\/wp-content\/uploads\/2019\/07\/frenchlogo.png\"},{\"@type\":\"BreadcrumbList\",\"@id\":\"https:\/\/addyi.ca\/fr\/patients-fr\/#breadcrumb\",\"itemListElement\":[{\"@type\":\"ListItem\",\"position\":1,\"name\":\"Home\",\"item\":\"https:\/\/addyi.ca\/fr\/\"},{\"@type\":\"ListItem\",\"position\":2,\"name\":\"Patients FR\"}]},{\"@type\":\"WebSite\",\"@id\":\"https:\/\/addyi.ca\/#website\",\"url\":\"https:\/\/addyi.ca\/\",\"name\":\"Addyi\u00ae (flibanserin)\",\"description\":\"Official Canadian Website\",\"publisher\":{\"@id\":\"https:\/\/addyi.ca\/#\/schema\/person\/154ba721b84ab96464e45e95e308ca7f\"},\"potentialAction\":[{\"@type\":\"SearchAction\",\"target\":{\"@type\":\"EntryPoint\",\"urlTemplate\":\"https:\/\/addyi.ca\/?s={search_term_string}\"},\"query-input\":{\"@type\":\"PropertyValueSpecification\",\"valueRequired\":true,\"valueName\":\"search_term_string\"}}],\"inLanguage\":\"fr-FR\"},{\"@type\":[\"Person\",\"Organization\"],\"@id\":\"https:\/\/addyi.ca\/#\/schema\/person\/154ba721b84ab96464e45e95e308ca7f\",\"name\":\"addyica\",\"image\":{\"@type\":\"ImageObject\",\"inLanguage\":\"fr-FR\",\"@id\":\"https:\/\/secure.gravatar.com\/avatar\/2779ccd7f270c9ceb707ebc3c05bf6ebd4ba1f9a177e0dd48097083648aa2746?s=96&d=mm&r=g\",\"url\":\"https:\/\/secure.gravatar.com\/avatar\/2779ccd7f270c9ceb707ebc3c05bf6ebd4ba1f9a177e0dd48097083648aa2746?s=96&d=mm&r=g\",\"contentUrl\":\"https:\/\/secure.gravatar.com\/avatar\/2779ccd7f270c9ceb707ebc3c05bf6ebd4ba1f9a177e0dd48097083648aa2746?s=96&d=mm&r=g\",\"caption\":\"addyica\"},\"logo\":{\"@id\":\"https:\/\/secure.gravatar.com\/avatar\/2779ccd7f270c9ceb707ebc3c05bf6ebd4ba1f9a177e0dd48097083648aa2746?s=96&d=mm&r=g\"}}]}<\/script>\n<!-- \/ Yoast SEO plugin. -->","yoast_head_json":{"title":"Patients FR &#8211; Addyi\u00ae (flibanserin)","robots":{"index":"noindex","follow":"follow"},"og_locale":"fr_FR","og_type":"article","og_title":"Patients FR &#8211; Addyi\u00ae (flibanserin)","og_description":"[vc_row][vc_column width=\u00a0\u00bb1\/3&Prime;][vc_column_text css=\u00a0\u00bb.vc_custom_1562160571050{margin-top: -10px !important;}\u00a0\u00bb][\/vc_column_text][\/vc_column][vc_column width=\u00a0\u00bb1\/3&Prime;][\/vc_column][vc_column width=\u00a0\u00bb1\/3&Prime;][\/vc_column][\/vc_row][vc_row][vc_column][vc_column_text css=\u00a0\u00bb.vc_custom_1562160480632{margin-top: -40px !important;}\u00a0\u00bb][\/vc_column_text][\/vc_column][\/vc_row][vc_row][vc_column][vc_column_text css=\u00a0\u00bb.vc_custom_1562223779139{margin-top: -20px !important;}\u00a0\u00bb] MONOGRAPHIE D\u2019ADDYI \u2013 ANGLAIS\u00a0|\u00a0MONOGRAPHIE D\u2019ADDYI \u2013 FRAN\u00c7AIS [\/vc_column_text][\/vc_column][\/vc_row][vc_row][vc_column width=\u00a0\u00bb5\/6&Prime;][vc_empty_space][vc_column_text]Vous pouvez joindre nos services m\u00e9dicaux au 1-833-881-5408 ou par courriel \u00e0\u00a0info-sproutpharma@innomar-strategies.com Addyi est une marque d\u00e9pos\u00e9e appartenant \u00e0 Sprout Pharmaceuticals, Inc. ou \u00e0 ses soci\u00e9t\u00e9s affili\u00e9es. \u00a9 2018, Sprout Pharmaceuticals, Inc. PR-203.00.CAN Politique&hellip;","og_url":"https:\/\/addyi.ca\/fr\/patients-fr\/","og_site_name":"Addyi\u00ae (flibanserin)","article_modified_time":"2021-04-14T07:43:52+00:00","og_image":[{"url":"https:\/\/addyi.ca\/wp-content\/uploads\/2019\/07\/frenchlogo.png","type":"","width":"","height":""}],"twitter_card":"summary_large_image","twitter_misc":{"Dur\u00e9e de lecture estim\u00e9e":"1 minute"},"schema":{"@context":"https:\/\/schema.org","@graph":[{"@type":"WebPage","@id":"https:\/\/addyi.ca\/fr\/patients-fr\/","url":"https:\/\/addyi.ca\/fr\/patients-fr\/","name":"Patients FR &#8211; Addyi\u00ae (flibanserin)","isPartOf":{"@id":"https:\/\/addyi.ca\/#website"},"primaryImageOfPage":{"@id":"https:\/\/addyi.ca\/fr\/patients-fr\/#primaryimage"},"image":{"@id":"https:\/\/addyi.ca\/fr\/patients-fr\/#primaryimage"},"thumbnailUrl":"https:\/\/addyi.ca\/wp-content\/uploads\/2019\/07\/frenchlogo.png","datePublished":"2019-07-03T13:46:11+00:00","dateModified":"2021-04-14T07:43:52+00:00","breadcrumb":{"@id":"https:\/\/addyi.ca\/fr\/patients-fr\/#breadcrumb"},"inLanguage":"fr-FR","potentialAction":[{"@type":"ReadAction","target":["https:\/\/addyi.ca\/fr\/patients-fr\/"]}]},{"@type":"ImageObject","inLanguage":"fr-FR","@id":"https:\/\/addyi.ca\/fr\/patients-fr\/#primaryimage","url":"https:\/\/addyi.ca\/wp-content\/uploads\/2019\/07\/frenchlogo.png","contentUrl":"https:\/\/addyi.ca\/wp-content\/uploads\/2019\/07\/frenchlogo.png"},{"@type":"BreadcrumbList","@id":"https:\/\/addyi.ca\/fr\/patients-fr\/#breadcrumb","itemListElement":[{"@type":"ListItem","position":1,"name":"Home","item":"https:\/\/addyi.ca\/fr\/"},{"@type":"ListItem","position":2,"name":"Patients FR"}]},{"@type":"WebSite","@id":"https:\/\/addyi.ca\/#website","url":"https:\/\/addyi.ca\/","name":"Addyi\u00ae (flibanserin)","description":"Official Canadian Website","publisher":{"@id":"https:\/\/addyi.ca\/#\/schema\/person\/154ba721b84ab96464e45e95e308ca7f"},"potentialAction":[{"@type":"SearchAction","target":{"@type":"EntryPoint","urlTemplate":"https:\/\/addyi.ca\/?s={search_term_string}"},"query-input":{"@type":"PropertyValueSpecification","valueRequired":true,"valueName":"search_term_string"}}],"inLanguage":"fr-FR"},{"@type":["Person","Organization"],"@id":"https:\/\/addyi.ca\/#\/schema\/person\/154ba721b84ab96464e45e95e308ca7f","name":"addyica","image":{"@type":"ImageObject","inLanguage":"fr-FR","@id":"https:\/\/secure.gravatar.com\/avatar\/2779ccd7f270c9ceb707ebc3c05bf6ebd4ba1f9a177e0dd48097083648aa2746?s=96&d=mm&r=g","url":"https:\/\/secure.gravatar.com\/avatar\/2779ccd7f270c9ceb707ebc3c05bf6ebd4ba1f9a177e0dd48097083648aa2746?s=96&d=mm&r=g","contentUrl":"https:\/\/secure.gravatar.com\/avatar\/2779ccd7f270c9ceb707ebc3c05bf6ebd4ba1f9a177e0dd48097083648aa2746?s=96&d=mm&r=g","caption":"addyica"},"logo":{"@id":"https:\/\/secure.gravatar.com\/avatar\/2779ccd7f270c9ceb707ebc3c05bf6ebd4ba1f9a177e0dd48097083648aa2746?s=96&d=mm&r=g"}}]}},"_links":{"self":[{"href":"https:\/\/addyi.ca\/fr\/wp-json\/wp\/v2\/pages\/92","targetHints":{"allow":["GET"]}}],"collection":[{"href":"https:\/\/addyi.ca\/fr\/wp-json\/wp\/v2\/pages"}],"about":[{"href":"https:\/\/addyi.ca\/fr\/wp-json\/wp\/v2\/types\/page"}],"author":[{"embeddable":true,"href":"https:\/\/addyi.ca\/fr\/wp-json\/wp\/v2\/users\/1"}],"replies":[{"embeddable":true,"href":"https:\/\/addyi.ca\/fr\/wp-json\/wp\/v2\/comments?post=92"}],"version-history":[{"count":3,"href":"https:\/\/addyi.ca\/fr\/wp-json\/wp\/v2\/pages\/92\/revisions"}],"predecessor-version":[{"id":119,"href":"https:\/\/addyi.ca\/fr\/wp-json\/wp\/v2\/pages\/92\/revisions\/119"}],"wp:attachment":[{"href":"https:\/\/addyi.ca\/fr\/wp-json\/wp\/v2\/media?parent=92"}],"curies":[{"name":"wp","href":"https:\/\/api.w.org\/{rel}","templated":true}]}}